{"id":2534,"date":"2024-09-05T22:04:47","date_gmt":"2024-09-05T14:04:47","guid":{"rendered":"https:\/\/lintyco.de\/?page_id=2534"},"modified":"2025-05-07T14:09:38","modified_gmt":"2025-05-07T06:09:38","slug":"danke","status":"publish","type":"page","link":"https:\/\/lintyco.de\/de\/danke\/","title":{"rendered":"Danke"},"content":{"rendered":"<div data-elementor-type=\"wp-page\" data-elementor-id=\"2534\" class=\"elementor elementor-2534\" data-elementor-post-type=\"page\">\n\t\t\t\t\t\t<section class=\"elementor-section elementor-top-section elementor-element elementor-element-0beb6b6 elementor-section-boxed elementor-section-height-default elementor-section-height-default\" data-id=\"0beb6b6\" data-element_type=\"section\">\n\t\t\t\t\t\t<div class=\"elementor-container elementor-column-gap-default\">\n\t\t\t\t\t<div class=\"elementor-column elementor-col-50 elementor-top-column elementor-element elementor-element-d2f45df\" data-id=\"d2f45df\" data-element_type=\"column\">\n\t\t\t<div class=\"elementor-widget-wrap elementor-element-populated\">\n\t\t\t\t\t\t<div class=\"elementor-element elementor-element-4cda432 elementor-widget elementor-widget-theme-post-title elementor-page-title elementor-widget-heading\" data-id=\"4cda432\" data-element_type=\"widget\" data-widget_type=\"theme-post-title.default\">\n\t\t\t\t<div class=\"elementor-widget-container\">\n\t\t\t\t\t<h1 class=\"elementor-heading-title elementor-size-default\">Danke<\/h1>\t\t\t\t<\/div>\n\t\t\t\t<\/div>\n\t\t\t\t\t<\/div>\n\t\t<\/div>\n\t\t\t\t<div class=\"elementor-column elementor-col-50 elementor-top-column elementor-element elementor-element-69065fe\" data-id=\"69065fe\" data-element_type=\"column\">\n\t\t\t<div class=\"elementor-widget-wrap\">\n\t\t\t\t\t\t\t<\/div>\n\t\t<\/div>\n\t\t\t\t\t<\/div>\n\t\t<\/section>\n\t\t\t\t<section class=\"elementor-section elementor-top-section elementor-element elementor-element-68ec9e9 elementor-section-boxed elementor-section-height-default elementor-section-height-default\" data-id=\"68ec9e9\" data-element_type=\"section\">\n\t\t\t\t\t\t<div class=\"elementor-container elementor-column-gap-default\">\n\t\t\t\t\t<div class=\"elementor-column elementor-col-50 elementor-top-column elementor-element elementor-element-04a4aa0\" data-id=\"04a4aa0\" data-element_type=\"column\">\n\t\t\t<div class=\"elementor-widget-wrap elementor-element-populated\">\n\t\t\t\t\t\t<div class=\"elementor-element elementor-element-3190761 elementor-widget elementor-widget-image\" data-id=\"3190761\" data-element_type=\"widget\" data-widget_type=\"image.default\">\n\t\t\t\t<div class=\"elementor-widget-container\">\n\t\t\t\t\t\t\t\t\t\t\t\t\t\t\t<img fetchpriority=\"high\" decoding=\"async\" width=\"768\" height=\"432\" src=\"https:\/\/images.thepackagingmachine.com\/2024\/08\/custom-premade-pouch-packing-machine02-768x432.jpg\" class=\"attachment-medium_large size-medium_large wp-image-2187\" alt=\"kundenspezifische vorgefertigte Beutelverpackungsmaschine02\" srcset=\"https:\/\/images.thepackagingmachine.com\/2024\/08\/custom-premade-pouch-packing-machine02-768x432.jpg 768w, https:\/\/images.thepackagingmachine.com\/2024\/08\/custom-premade-pouch-packing-machine02-300x169.jpg 300w, https:\/\/images.thepackagingmachine.com\/2024\/08\/custom-premade-pouch-packing-machine02-1024x576.jpg 1024w, https:\/\/images.thepackagingmachine.com\/2024\/08\/custom-premade-pouch-packing-machine02-1536x864.jpg 1536w, https:\/\/images.thepackagingmachine.com\/2024\/08\/custom-premade-pouch-packing-machine02-2048x1152.jpg 2048w\" sizes=\"(max-width: 768px) 100vw, 768px\" \/>\t\t\t\t\t\t\t\t\t\t\t\t\t\t\t<\/div>\n\t\t\t\t<\/div>\n\t\t\t\t\t<\/div>\n\t\t<\/div>\n\t\t\t\t<div class=\"elementor-column elementor-col-50 elementor-top-column elementor-element elementor-element-658b1da\" data-id=\"658b1da\" data-element_type=\"column\">\n\t\t\t<div class=\"elementor-widget-wrap elementor-element-populated\">\n\t\t\t\t\t\t<div class=\"elementor-element elementor-element-9dda0f7 elementor-widget elementor-widget-text-editor\" data-id=\"9dda0f7\" data-element_type=\"widget\" data-widget_type=\"text-editor.default\">\n\t\t\t\t<div class=\"elementor-widget-container\">\n\t\t\t\t\t\t\t\t\t<p>Die Nachricht wurde erfolgreich versendet.<\/p><p>Wir werden uns innerhalb eines Werktages mit Ihnen in Verbindung setzen. Bitte achten Sie auf die E-Mail mit der Endung \u201e@lintyco.com\u201c.<\/p><p>Wir holen die am besten geeignete Verpackungsl\u00f6sung f\u00fcr Ihre Artikel durch unsere ex<span style=\"background-color: var(--nv-site-bg); color: var(--nv-text-color); font-family: var(--bodyfontfamily),var(--nv-fallback-ff); font-size: var(--bodyfontsize); font-weight: var(--bodyfontweight); letter-spacing: var(--bodyletterspacing); text-transform: var(--bodytexttransform);\">Erfahrung von\u00a0<\/span><span style=\"background-color: var(--nv-site-bg); color: var(--nv-text-color); font-family: var(--bodyfontfamily),var(--nv-fallback-ff); font-size: var(--bodyfontsize); font-weight: var(--bodyfontweight); letter-spacing: var(--bodyletterspacing); text-transform: var(--bodytexttransform);\">Wir betreuen \u00fcber 4000 Kunden.<\/span><\/p><p>Ich hoffe, dass wir auch in Zukunft eine stabile Gesch\u00e4ftsbeziehung haben werden.<\/p>\t\t\t\t\t\t\t\t<\/div>\n\t\t\t\t<\/div>\n\t\t\t\t<div class=\"elementor-element elementor-element-6973a51 elementor-widget elementor-widget-button\" data-id=\"6973a51\" data-element_type=\"widget\" data-widget_type=\"button.default\">\n\t\t\t\t<div class=\"elementor-widget-container\">\n\t\t\t\t\t\t\t\t\t<div class=\"elementor-button-wrapper\">\n\t\t\t\t\t<a class=\"elementor-button elementor-button-link elementor-size-sm\" href=\"https:\/\/lintyco.de\/de\/\">\n\t\t\t\t\t\t<span class=\"elementor-button-content-wrapper\">\n\t\t\t\t\t\t\t\t\t<span class=\"elementor-button-text\">Zur\u00fcck zur Homepage<\/span>\n\t\t\t\t\t<\/span>\n\t\t\t\t\t<\/a>\n\t\t\t\t<\/div>\n\t\t\t\t\t\t\t\t<\/div>\n\t\t\t\t<\/div>\n\t\t\t\t\t<\/div>\n\t\t<\/div>\n\t\t\t\t\t<\/div>\n\t\t<\/section>\n\t\t\t\t<\/div>","protected":false},"excerpt":{"rendered":"<p>Die Nachricht wurde erfolgreich versendet. Wir melden uns innerhalb eines Werktages bei Ihnen. Bitte achten Sie auf die E-Mail-Adresse mit der Endung \u201e@lintyco.com\u201c. Wir finden die passende Verpackungsl\u00f6sung f\u00fcr Ihre Artikel dank unserer Erfahrung mit \u00fcber 4000 Kunden. Wir hoffen auf eine stabile Gesch\u00e4ftsbeziehung. Zur\u00fcck zur Homepage<\/p>","protected":false},"author":1,"featured_media":0,"parent":0,"menu_order":0,"comment_status":"closed","ping_status":"closed","template":"page-templates\/template-pagebuilder-full-width.php","meta":{"_seopress_robots_primary_cat":"","_seopress_titles_title":"","_seopress_titles_desc":"","_seopress_robots_index":"","neve_meta_sidebar":"","neve_meta_container":"","neve_meta_enable_content_width":"","neve_meta_content_width":0,"neve_meta_title_alignment":"","neve_meta_author_avatar":"","neve_post_elements_order":"","neve_meta_disable_header":"","neve_meta_disable_footer":"","neve_meta_disable_title":"","neve_meta_reading_time":"","footnotes":""},"class_list":["post-2534","page","type-page","status-publish","hentry"],"_links":{"self":[{"href":"https:\/\/lintyco.de\/de\/wp-json\/wp\/v2\/pages\/2534","targetHints":{"allow":["GET"]}}],"collection":[{"href":"https:\/\/lintyco.de\/de\/wp-json\/wp\/v2\/pages"}],"about":[{"href":"https:\/\/lintyco.de\/de\/wp-json\/wp\/v2\/types\/page"}],"author":[{"embeddable":true,"href":"https:\/\/lintyco.de\/de\/wp-json\/wp\/v2\/users\/1"}],"replies":[{"embeddable":true,"href":"https:\/\/lintyco.de\/de\/wp-json\/wp\/v2\/comments?post=2534"}],"version-history":[{"count":5,"href":"https:\/\/lintyco.de\/de\/wp-json\/wp\/v2\/pages\/2534\/revisions"}],"predecessor-version":[{"id":18424,"href":"https:\/\/lintyco.de\/de\/wp-json\/wp\/v2\/pages\/2534\/revisions\/18424"}],"wp:attachment":[{"href":"https:\/\/lintyco.de\/de\/wp-json\/wp\/v2\/media?parent=2534"}],"curies":[{"name":"wp","href":"https:\/\/api.w.org\/{rel}","templated":true}]}}